{"id":2633,"date":"2025-10-31T15:01:27","date_gmt":"2025-10-31T21:01:27","guid":{"rendered":"https:\/\/lifefertility.mx\/wp\/?page_id=2633"},"modified":"2025-10-31T15:51:04","modified_gmt":"2025-10-31T21:51:04","slug":"aviso-de-privacidad","status":"publish","type":"page","link":"https:\/\/lifefertility.mx\/en\/aviso-de-privacidad\/","title":{"rendered":"Privacy Policy"},"content":{"rendered":"<div data-elementor-type=\"wp-page\" data-elementor-id=\"2633\" class=\"elementor elementor-2633\">\n\t\t\t\t<div class=\"elementor-element elementor-element-e377f27 e-flex e-con-boxed wpr-particle-no wpr-jarallax-no wpr-parallax-no wpr-sticky-section-no wpr-equal-height-no e-con e-parent\" data-id=\"e377f27\" data-element_type=\"container\" data-e-type=\"container\" data-settings=\"{&quot;background_background&quot;:&quot;classic&quot;}\">\n\t\t\t\t\t<div class=\"e-con-inner\">\n\t\t<div class=\"elementor-element elementor-element-9e3f360 e-con-full e-flex wpr-particle-no wpr-jarallax-no wpr-parallax-no wpr-sticky-section-no wpr-equal-height-no e-con e-child\" data-id=\"9e3f360\" data-element_type=\"container\" data-e-type=\"container\" data-settings=\"{&quot;background_background&quot;:&quot;classic&quot;}\">\n\t\t<div class=\"elementor-element elementor-element-39cf6bf e-con-full e-flex wpr-particle-no wpr-jarallax-no wpr-parallax-no wpr-sticky-section-no wpr-equal-height-no e-con e-child\" data-id=\"39cf6bf\" data-element_type=\"container\" data-e-type=\"container\">\n\t\t<div class=\"elementor-element elementor-element-02665aa e-con-full e-flex wpr-particle-no wpr-jarallax-no wpr-parallax-no wpr-sticky-section-no wpr-equal-height-no e-con e-child\" data-id=\"02665aa\" data-element_type=\"container\" data-e-type=\"container\">\n\t\t\t\t<div class=\"elementor-element elementor-element-55e1b5f animated-fast elementor-invisible elementor-widget elementor-widget-heading\" data-id=\"55e1b5f\" data-element_type=\"widget\" data-e-type=\"widget\" data-settings=\"{&quot;_animation&quot;:&quot;fadeInUp&quot;}\" data-widget_type=\"heading.default\">\n\t\t\t\t\t<h2 class=\"elementor-heading-title elementor-size-default\">AVISO DE PRIVACIDAD<\/h2>\t\t\t\t<\/div>\n\t\t\t\t<div class=\"elementor-element elementor-element-e51b00f elementor-invisible elementor-widget elementor-widget-text-editor\" data-id=\"e51b00f\" data-element_type=\"widget\" data-e-type=\"widget\" data-settings=\"{&quot;_animation&quot;:&quot;fadeInUp&quot;}\" data-widget_type=\"text-editor.default\">\n\t\t\t\t\t\t\t\t\t<p>El objetivo del sitio web es presentarles los productos y beneficios de\u00a0<strong>Life Fertility\u00ae<\/strong>\u00a0y el mismo se encuentra disponible para su informaci\u00f3n, e inter\u00e9s. Los siguientes T\u00e9rminos de Uso, que podr\u00e1n ser modificados peri\u00f3dicamente, se aplicar\u00e1n a todos los que accedan al sitio, como as\u00ed tambi\u00e9n a su uso y contenidos.<\/p><ol><li><strong>Objetivos de la informaci\u00f3n<\/strong><\/li><\/ol><p>El contenido presentado en el sitio de\u00a0<strong>Life Fertility\u00ae<\/strong><strong>\u00a0<\/strong>solo tiene por finalidad la comunicaci\u00f3n. El sitio no provee consejos ni recomendaciones de ning\u00fan tipo y no deber\u00e1 utilizarse como base de cualquier decisi\u00f3n o acci\u00f3n. Se recomienda consultar a los profesionales id\u00f3neos del campo correspondiente con respecto a la aplicabilidad de cualquier aspecto del contenido.<\/p><ol start=\"2\"><li><strong>Responsabilidad<\/strong><\/li><\/ol><p><strong>Life Fertility\u00ae\u00a0<\/strong>no se hace responsable de ning\u00fan da\u00f1o o lesi\u00f3n originada de su acceso al sitio o por imposibilidad de acceder a \u00e9l o por confiar en cualquier informaci\u00f3n suministrada aqu\u00ed.\u00a0<strong>Life Fertility\u00ae<\/strong>\u00a0rechaza cualquier responsabilidad por da\u00f1os directos, indirectos, accidentales, consecutivos, especiales o de otro tipo, oportunidades y beneficios perdidos o cualquier otra p\u00e9rdida o da\u00f1o. Esta limitaci\u00f3n incluye da\u00f1os o virus que puedan afectar a su equipo de computaci\u00f3n.<\/p><ol start=\"3\"><li><strong>V\u00ednculos con otros sitios de la web<\/strong><\/li><\/ol><p>Cualquier v\u00ednculo con otro sitio de Internet se presenta para la mayor conveniencia del usuario.\u00a0<strong>Life Fertility<\/strong><strong>\u00ae\u00a0<\/strong>no tiene responsabilidad ni control sobre el contenido o la operaci\u00f3n de tales sitios y no es responsable por ning\u00fan da\u00f1o o perjuicio surgido de ese contenido o de su operaci\u00f3n.<\/p><ol start=\"4\"><li><strong>Modificaciones<\/strong><\/li><\/ol><p><strong>Life Fertility\u00ae\u00a0<\/strong>se reserva el derecho de alterar, modificar, reemplazar o borrar cualquier contenido, restringir el acceso o suspender la distribuci\u00f3n de este sitio en cualquier momento y bajo su exclusiva discreci\u00f3n.<\/p><ol start=\"5\"><li><strong>Propiedad intelectual y uso del contenido<\/strong><\/li><\/ol><p>El contenido de este sitio es propiedad de\u00a0<strong>Life Fertility\u00ae<\/strong><strong>\u00a0<\/strong>y se encuentra protegido por las leyes de la propiedad intelectual. Las marcas registradas, comerciales y de servicios, como as\u00ed tambi\u00e9n los logotipos y productos mencionados en este sitio est\u00e1n legalmente protegidos y no se podr\u00e1n utilizar ninguno de ellos sin el consentimiento previo y por escrito de\u00a0<strong>Life Fertility\u00ae<\/strong><strong>.<\/strong>\u00a0No obstante, es usted bienvenido a descargar su contenido, solo para uso personal, no comercial. No se autoriza ninguna modificaci\u00f3n ni reproducci\u00f3n del contenido y \u00e9ste no podr\u00e1 ser copiado ni utilizado de ninguna otra manera.<\/p><ol start=\"6\"><li><strong>Privacidad y Protecci\u00f3n de Datos<\/strong><\/li><\/ol><p>En estricto acatamiento a lo dispuesto por la Ley Federal de Protecci\u00f3n de Datos Personales en Posesi\u00f3n de los Particulares (en lo sucesivo \u00abla Ley\u00bb),\u00a0<strong>Life Fertility\u00ae<\/strong>\u00a0hace de su conocimiento lo siguiente:<\/p><p>\u00a0<\/p><ol><li>Los datos personales y\/o sensibles y\/o informaci\u00f3n que de manera voluntaria nos proporcione o haya proporcionado, es completamente confidencial y se encuentra resguardada por\u00a0<strong>Life Fertility\u00ae<\/strong><strong>,\u00a0<\/strong>quien es el responsable del uso y tratamiento de sus datos personales.<\/li><li>La utilizaci\u00f3n de los datos recopilados ser\u00e1 utilizado exclusivamente para: (i) proveer servicios requeridos as\u00ed como actividades afines; (ii) informar sobre nuevos servicios que est\u00e9n relacionado con el contratado; (iii) dar cumplimiento a obligaciones contra\u00eddas con nuestros clientes; (iv) evaluar la calidad del servicio; (v) fines de identificaci\u00f3n; (vi) fines estad\u00edsticos; y (vii) para eventualmente contactarlo con el fin de compartirle noticias de inter\u00e9s sobre derecho.<\/li><li>Por virtud de la transferencia de datos que nos otorgue o hubiese otorgado con anterioridad, autoriza a\u00a0<strong>Life Fertility\u00ae<\/strong><strong>\u00a0<\/strong>a utilizar la informaci\u00f3n proporcionada para los fines descritos anteriormente.<\/li><li>Nos comprometemos a no transmitir, vender, alquilar, revelar ni utilizar su informaci\u00f3n personal a favor de terceras personas sin su consentimiento, con excepci\u00f3n de aquella informaci\u00f3n que sea necesario para los fines que la haya proporcionado, o bien, sea requerida por las autoridades federales o locales, en t\u00e9rminos de las leyes aplicables.<\/li><li>Usted tiene el derecho de acceder a sus datos personales que poseemos y a los detalles del tratamiento de los mismos, as\u00ed como a rectificarlos en caso de ser inexactos o instruirnos cancelarlos cuando considere que resulten ser excesivos o innecesarios para las finalidades que justificaron su obtenci\u00f3n u oponerse al tratamiento de los mismos para fines espec\u00edficos.<\/li><\/ol><p>Para ejercer los derechos de acceso, rectificaci\u00f3n, cancelaci\u00f3n u oposici\u00f3n, el titular de datos personales y\/o sensibles que se encuentren en poder de\u00a0<strong>Life Fertility\u00ae<\/strong><strong>,<\/strong>\u00a0deber\u00e1 enviar la solicitud respectiva al correo electr\u00f3nico\u00a0<a href=\"mailto:info@lifecryobank.com\">info@lifecryobank.com<\/a><\/p><p>\u00a0<\/p><ol><li>El presente Aviso de Privacidad podr\u00e1 ser modificado y actualizado en cualquier momento, en cuyo caso\u00a0<strong>Life Fertility\u00ae<\/strong><strong>,\u00a0<\/strong>notificar\u00e1 los cambios correspondientes mediante la p\u00e1gina web.<\/li><\/ol><p><strong>7.- Cr\u00e9ditos y tecnolog\u00eda.<\/strong><\/p><p>Desarrollo gr\u00e1fico web, programaci\u00f3n del sitio, los enlaces de hipertexto, bases de datos o dem\u00e1s elementos multimedia se realizaron por parte de Vitamina Online Solution\u00ae. Todos los contenidos facilitados en este portal Web han sido elaborados con informaci\u00f3n procedente de\u00a0<strong>Life Fertility\u00ae<\/strong><strong>\u00a0<\/strong>como fuente externa a la propia compa\u00f1\u00eda, motivo por el cual Vitamina Online Solution \u00ae no se hace responsable de la posible falta de actualizaci\u00f3n o inexactitud de la informaci\u00f3n perteneciente a dichas fuentes externas.<\/p><ol start=\"8\"><li><strong>Leyes vigentes<\/strong><\/li><\/ol><p>Las presentes pol\u00edticas y\u00a0 aviso de privacidad, as\u00ed como el manejo en general de la Ley que haga\u00a0<strong>Life Fertility\u00ae<\/strong><strong>\u00a0<\/strong>se rige por la legislaci\u00f3n vigente y aplicable en los Estados Unidos Mexicanos, cualquier controversia que se suscite con motivo de su aplicaci\u00f3n deber\u00e1 ventilarse ante los \u00f3rganos jurisdiccionales competentes en la Ciudad de Guadalajara, Jalisco, M\u00e9xico.<\/p>\t\t\t\t\t\t\t\t<\/div>\n\t\t\t\t<\/div>\n\t\t\t\t<\/div>\n\t\t\t\t<\/div>\n\t\t\t\t\t<\/div>\n\t\t\t\t<\/div>\n\t\t\t\t<\/div>","protected":false},"excerpt":{"rendered":"<p>AVISO DE PRIVACIDAD El objetivo del sitio web es presentarles los productos y beneficios de\u00a0Life Fertility\u00ae\u00a0y el mismo se encuentra disponible para su informaci\u00f3n, e inter\u00e9s. Los siguientes T\u00e9rminos de Uso, que podr\u00e1n ser modificados peri\u00f3dicamente, se aplicar\u00e1n a todos los que accedan al sitio, como as\u00ed tambi\u00e9n a su uso y contenidos. Objetivos de la informaci\u00f3n El contenido presentado en el sitio de\u00a0Life Fertility\u00ae\u00a0solo tiene por finalidad la comunicaci\u00f3n. El sitio no provee consejos ni recomendaciones de ning\u00fan tipo y no deber\u00e1 utilizarse como base de cualquier decisi\u00f3n o acci\u00f3n. Se recomienda consultar a los profesionales id\u00f3neos del campo correspondiente con respecto a la aplicabilidad de cualquier aspecto del contenido. Responsabilidad Life Fertility\u00ae\u00a0no se hace responsable de ning\u00fan da\u00f1o o lesi\u00f3n originada de su acceso al sitio o por imposibilidad de acceder a \u00e9l o por confiar en cualquier informaci\u00f3n suministrada aqu\u00ed.\u00a0Life Fertility\u00ae\u00a0rechaza cualquier responsabilidad por da\u00f1os directos, indirectos, accidentales, consecutivos, especiales o de otro tipo, oportunidades y beneficios perdidos o cualquier otra p\u00e9rdida o da\u00f1o. Esta limitaci\u00f3n incluye da\u00f1os o virus que puedan afectar a su equipo de computaci\u00f3n. V\u00ednculos con otros sitios de la web Cualquier v\u00ednculo con otro sitio de Internet se presenta para la mayor conveniencia del usuario.\u00a0Life Fertility\u00ae\u00a0no tiene responsabilidad ni control sobre el contenido o la operaci\u00f3n de tales sitios y no es responsable por ning\u00fan da\u00f1o o perjuicio surgido de ese contenido o de su operaci\u00f3n. Modificaciones Life Fertility\u00ae\u00a0se reserva el derecho de alterar, modificar, reemplazar o borrar cualquier contenido, restringir el acceso o suspender la distribuci\u00f3n de este sitio en cualquier momento y bajo su exclusiva discreci\u00f3n. Propiedad intelectual y uso del contenido El contenido de este sitio es propiedad de\u00a0Life Fertility\u00ae\u00a0y se encuentra protegido por las leyes de la propiedad intelectual. Las marcas registradas, comerciales y de servicios, como as\u00ed tambi\u00e9n los logotipos y productos mencionados en este sitio est\u00e1n legalmente protegidos y no se podr\u00e1n utilizar ninguno de ellos sin el consentimiento previo y por escrito de\u00a0Life Fertility\u00ae.\u00a0No obstante, es usted bienvenido a descargar su contenido, solo para uso personal, no comercial. No se autoriza ninguna modificaci\u00f3n ni reproducci\u00f3n del contenido y \u00e9ste no podr\u00e1 ser copiado ni utilizado de ninguna otra manera. Privacidad y Protecci\u00f3n de Datos En estricto acatamiento a lo dispuesto por la Ley Federal de Protecci\u00f3n de Datos Personales en Posesi\u00f3n de los Particulares (en lo sucesivo \u00abla Ley\u00bb),\u00a0Life Fertility\u00ae\u00a0hace de su conocimiento lo siguiente: \u00a0 Los datos personales y\/o sensibles y\/o informaci\u00f3n que de manera voluntaria nos proporcione o haya proporcionado, es completamente confidencial y se encuentra resguardada por\u00a0Life Fertility\u00ae,\u00a0quien es el responsable del uso y tratamiento de sus datos personales. La utilizaci\u00f3n de los datos recopilados ser\u00e1 utilizado exclusivamente para: (i) proveer servicios requeridos as\u00ed como actividades afines; (ii) informar sobre nuevos servicios que est\u00e9n relacionado con el contratado; (iii) dar cumplimiento a obligaciones contra\u00eddas con nuestros clientes; (iv) evaluar la calidad del servicio; (v) fines de identificaci\u00f3n; (vi) fines estad\u00edsticos; y (vii) para eventualmente contactarlo con el fin de compartirle noticias de inter\u00e9s sobre derecho. Por virtud de la transferencia de datos que nos otorgue o hubiese otorgado con anterioridad, autoriza a\u00a0Life Fertility\u00ae\u00a0a utilizar la informaci\u00f3n proporcionada para los fines descritos anteriormente. Nos comprometemos a no transmitir, vender, alquilar, revelar ni utilizar su informaci\u00f3n personal a favor de terceras personas sin su consentimiento, con excepci\u00f3n de aquella informaci\u00f3n que sea necesario para los fines que la haya proporcionado, o bien, sea requerida por las autoridades federales o locales, en t\u00e9rminos de las leyes aplicables. Usted tiene el derecho de acceder a sus datos personales que poseemos y a los detalles del tratamiento de los mismos, as\u00ed como a rectificarlos en caso de ser inexactos o instruirnos cancelarlos cuando considere que resulten ser excesivos o innecesarios para las finalidades que justificaron su obtenci\u00f3n u oponerse al tratamiento de los mismos para fines espec\u00edficos. Para ejercer los derechos de acceso, rectificaci\u00f3n, cancelaci\u00f3n u oposici\u00f3n, el titular de datos personales y\/o sensibles que se encuentren en poder de\u00a0Life Fertility\u00ae,\u00a0deber\u00e1 enviar la solicitud respectiva al correo electr\u00f3nico\u00a0info@lifecryobank.com \u00a0 El presente Aviso de Privacidad podr\u00e1 ser modificado y actualizado en cualquier momento, en cuyo caso\u00a0Life Fertility\u00ae,\u00a0notificar\u00e1 los cambios correspondientes mediante la p\u00e1gina web. 7.- Cr\u00e9ditos y tecnolog\u00eda. Desarrollo gr\u00e1fico web, programaci\u00f3n del sitio, los enlaces de hipertexto, bases de datos o dem\u00e1s elementos multimedia se realizaron por parte de Vitamina Online Solution\u00ae. Todos los contenidos facilitados en este portal Web han sido elaborados con informaci\u00f3n procedente de\u00a0Life Fertility\u00ae\u00a0como fuente externa a la propia compa\u00f1\u00eda, motivo por el cual Vitamina Online Solution \u00ae no se hace responsable de la posible falta de actualizaci\u00f3n o inexactitud de la informaci\u00f3n perteneciente a dichas fuentes externas. Leyes vigentes Las presentes pol\u00edticas y\u00a0 aviso de privacidad, as\u00ed como el manejo en general de la Ley que haga\u00a0Life Fertility\u00ae\u00a0se rige por la legislaci\u00f3n vigente y aplicable en los Estados Unidos Mexicanos, cualquier controversia que se suscite con motivo de su aplicaci\u00f3n deber\u00e1 ventilarse ante los \u00f3rganos jurisdiccionales competentes en la Ciudad de Guadalajara, Jalisco, M\u00e9xico.<\/p>","protected":false},"author":5,"featured_media":967,"parent":0,"menu_order":0,"comment_status":"closed","ping_status":"closed","template":"","meta":{"site-sidebar-layout":"no-sidebar","site-content-layout":"","ast-site-content-layout":"full-width-container","site-content-style":"default","site-sidebar-style":"default","ast-global-header-display":"","ast-banner-title-visibility":"","ast-main-header-display":"","ast-hfb-above-header-display":"","ast-hfb-below-header-display":"","ast-hfb-mobile-header-display":"","site-post-title":"disabled","ast-breadcrumbs-content":"","ast-featured-img":"disabled","footer-sml-layout":"","ast-disable-related-posts":"","theme-transparent-header-meta":"","adv-header-id-meta":"","stick-header-meta":"","header-above-stick-meta":"","header-main-stick-meta":"","header-below-stick-meta":"","astra-migrate-meta-layouts":"default","ast-page-background-enabled":"default","ast-page-background-meta":{"desktop":{"background-color":"var(--ast-global-color-5)","background-image":"","background-repeat":"repeat","background-position":"center center","background-size":"auto","background-attachment":"scroll","background-type":"","background-media":"","overlay-type":"","overlay-color":"","overlay-opacity":"","overlay-gradient":""},"tablet":{"background-color":"","background-image":"","background-repeat":"repeat","background-position":"center center","background-size":"auto","background-attachment":"scroll","background-type":"","background-media":"","overlay-type":"","overlay-color":"","overlay-opacity":"","overlay-gradient":""},"mobile":{"background-color":"","background-image":"","background-repeat":"repeat","background-position":"center center","background-size":"auto","background-attachment":"scroll","background-type":"","background-media":"","overlay-type":"","overlay-color":"","overlay-opacity":"","overlay-gradient":""}},"ast-content-background-meta":{"desktop":{"background-color":"var(--ast-global-color-4)","background-image":"","background-repeat":"repeat","background-position":"center center","background-size":"auto","background-attachment":"scroll","background-type":"","background-media":"","overlay-type":"","overlay-color":"","overlay-opacity":"","overlay-gradient":""},"tablet":{"background-color":"var(--ast-global-color-4)","background-image":"","background-repeat":"repeat","background-position":"center center","background-size":"auto","background-attachment":"scroll","background-type":"","background-media":"","overlay-type":"","overlay-color":"","overlay-opacity":"","overlay-gradient":""},"mobile":{"background-color":"var(--ast-global-color-4)","background-image":"","background-repeat":"repeat","background-position":"center center","background-size":"auto","background-attachment":"scroll","background-type":"","background-media":"","overlay-type":"","overlay-color":"","overlay-opacity":"","overlay-gradient":""}},"footnotes":""},"class_list":["post-2633","page","type-page","status-publish","has-post-thumbnail","hentry"],"yoast_head":"<!-- This site is optimized with the Yoast SEO plugin v27.5 - https:\/\/yoast.com\/product\/yoast-seo-wordpress\/ -->\n<title>Life Fertility &amp; Banking - Fertilidad<\/title>\n<meta name=\"description\" content=\"El mejor momento para saber sobre tu fertilidad es hoy, no cuando sea tarde. Conoce nuestros tratamientos en Life Fertility &amp; Banking.\" \/>\n<meta name=\"robots\" content=\"index, follow, max-snippet:-1, max-image-preview:large, max-video-preview:-1\" \/>\n<link rel=\"canonical\" href=\"https:\/\/lifefertility.mx\/en\/aviso-de-privacidad\/\" \/>\n<meta property=\"og:locale\" content=\"en_US\" \/>\n<meta property=\"og:type\" content=\"article\" \/>\n<meta property=\"og:title\" content=\"Life Fertility &amp; Banking - Fertilidad\" \/>\n<meta property=\"og:description\" content=\"El mejor momento para saber sobre tu fertilidad es hoy, no cuando sea tarde. Conoce nuestros tratamientos en Life Fertility &amp; Banking.\" \/>\n<meta property=\"og:url\" content=\"https:\/\/lifefertility.mx\/en\/aviso-de-privacidad\/\" \/>\n<meta property=\"og:site_name\" content=\"Life Fertility\" \/>\n<meta property=\"article:modified_time\" content=\"2025-10-31T21:51:04+00:00\" \/>\n<meta property=\"og:image\" content=\"https:\/\/lifefertility.mx\/wp-content\/uploads\/Group-167.png\" \/>\n\t<meta property=\"og:image:width\" content=\"1176\" \/>\n\t<meta property=\"og:image:height\" content=\"659\" \/>\n\t<meta property=\"og:image:type\" content=\"image\/png\" \/>\n<meta name=\"twitter:card\" content=\"summary_large_image\" \/>\n<meta name=\"twitter:label1\" content=\"Est. reading time\" \/>\n\t<meta name=\"twitter:data1\" content=\"4 minutes\" \/>\n<script type=\"application\/ld+json\" class=\"yoast-schema-graph\">{\"@context\":\"https:\\\/\\\/schema.org\",\"@graph\":[{\"@type\":\"WebPage\",\"@id\":\"https:\\\/\\\/lifefertility.mx\\\/aviso-de-privacidad\\\/\",\"url\":\"https:\\\/\\\/lifefertility.mx\\\/aviso-de-privacidad\\\/\",\"name\":\"Life Fertility & Banking - Fertilidad\",\"isPartOf\":{\"@id\":\"https:\\\/\\\/lifefertility.mx\\\/#website\"},\"primaryImageOfPage\":{\"@id\":\"https:\\\/\\\/lifefertility.mx\\\/aviso-de-privacidad\\\/#primaryimage\"},\"image\":{\"@id\":\"https:\\\/\\\/lifefertility.mx\\\/aviso-de-privacidad\\\/#primaryimage\"},\"thumbnailUrl\":\"https:\\\/\\\/lifefertility.mx\\\/wp-content\\\/uploads\\\/Group-167.png\",\"datePublished\":\"2025-10-31T21:01:27+00:00\",\"dateModified\":\"2025-10-31T21:51:04+00:00\",\"description\":\"El mejor momento para saber sobre tu fertilidad es hoy, no cuando sea tarde. Conoce nuestros tratamientos en Life Fertility & Banking.\",\"breadcrumb\":{\"@id\":\"https:\\\/\\\/lifefertility.mx\\\/aviso-de-privacidad\\\/#breadcrumb\"},\"inLanguage\":\"en-US\",\"potentialAction\":[{\"@type\":\"ReadAction\",\"target\":[\"https:\\\/\\\/lifefertility.mx\\\/aviso-de-privacidad\\\/\"]}]},{\"@type\":\"ImageObject\",\"inLanguage\":\"en-US\",\"@id\":\"https:\\\/\\\/lifefertility.mx\\\/aviso-de-privacidad\\\/#primaryimage\",\"url\":\"https:\\\/\\\/lifefertility.mx\\\/wp-content\\\/uploads\\\/Group-167.png\",\"contentUrl\":\"https:\\\/\\\/lifefertility.mx\\\/wp-content\\\/uploads\\\/Group-167.png\",\"width\":1176,\"height\":659,\"caption\":\"fertilidad\"},{\"@type\":\"BreadcrumbList\",\"@id\":\"https:\\\/\\\/lifefertility.mx\\\/aviso-de-privacidad\\\/#breadcrumb\",\"itemListElement\":[{\"@type\":\"ListItem\",\"position\":1,\"name\":\"Portada\",\"item\":\"https:\\\/\\\/lifefertility.mx\\\/\"},{\"@type\":\"ListItem\",\"position\":2,\"name\":\"Aviso de Privacidad\"}]},{\"@type\":\"WebSite\",\"@id\":\"https:\\\/\\\/lifefertility.mx\\\/#website\",\"url\":\"https:\\\/\\\/lifefertility.mx\\\/\",\"name\":\"Life Fertility\",\"description\":\"Fertility &amp; Banking\",\"potentialAction\":[{\"@type\":\"SearchAction\",\"target\":{\"@type\":\"EntryPoint\",\"urlTemplate\":\"https:\\\/\\\/lifefertility.mx\\\/?s={search_term_string}\"},\"query-input\":{\"@type\":\"PropertyValueSpecification\",\"valueRequired\":true,\"valueName\":\"search_term_string\"}}],\"inLanguage\":\"en-US\"}]}<\/script>\n<!-- \/ Yoast SEO plugin. -->","yoast_head_json":{"title":"Life Fertility & Banking - Fertilidad","description":"El mejor momento para saber sobre tu fertilidad es hoy, no cuando sea tarde. Conoce nuestros tratamientos en Life Fertility & Banking.","robots":{"index":"index","follow":"follow","max-snippet":"max-snippet:-1","max-image-preview":"max-image-preview:large","max-video-preview":"max-video-preview:-1"},"canonical":"https:\/\/lifefertility.mx\/en\/aviso-de-privacidad\/","og_locale":"en_US","og_type":"article","og_title":"Life Fertility & Banking - Fertilidad","og_description":"El mejor momento para saber sobre tu fertilidad es hoy, no cuando sea tarde. Conoce nuestros tratamientos en Life Fertility & Banking.","og_url":"https:\/\/lifefertility.mx\/en\/aviso-de-privacidad\/","og_site_name":"Life Fertility","article_modified_time":"2025-10-31T21:51:04+00:00","og_image":[{"width":1176,"height":659,"url":"https:\/\/lifefertility.mx\/wp-content\/uploads\/Group-167.png","type":"image\/png"}],"twitter_card":"summary_large_image","twitter_misc":{"Est. reading time":"4 minutes"},"schema":{"@context":"https:\/\/schema.org","@graph":[{"@type":"WebPage","@id":"https:\/\/lifefertility.mx\/aviso-de-privacidad\/","url":"https:\/\/lifefertility.mx\/aviso-de-privacidad\/","name":"Life Fertility & Banking - Fertilidad","isPartOf":{"@id":"https:\/\/lifefertility.mx\/#website"},"primaryImageOfPage":{"@id":"https:\/\/lifefertility.mx\/aviso-de-privacidad\/#primaryimage"},"image":{"@id":"https:\/\/lifefertility.mx\/aviso-de-privacidad\/#primaryimage"},"thumbnailUrl":"https:\/\/lifefertility.mx\/wp-content\/uploads\/Group-167.png","datePublished":"2025-10-31T21:01:27+00:00","dateModified":"2025-10-31T21:51:04+00:00","description":"El mejor momento para saber sobre tu fertilidad es hoy, no cuando sea tarde. Conoce nuestros tratamientos en Life Fertility & Banking.","breadcrumb":{"@id":"https:\/\/lifefertility.mx\/aviso-de-privacidad\/#breadcrumb"},"inLanguage":"en-US","potentialAction":[{"@type":"ReadAction","target":["https:\/\/lifefertility.mx\/aviso-de-privacidad\/"]}]},{"@type":"ImageObject","inLanguage":"en-US","@id":"https:\/\/lifefertility.mx\/aviso-de-privacidad\/#primaryimage","url":"https:\/\/lifefertility.mx\/wp-content\/uploads\/Group-167.png","contentUrl":"https:\/\/lifefertility.mx\/wp-content\/uploads\/Group-167.png","width":1176,"height":659,"caption":"fertilidad"},{"@type":"BreadcrumbList","@id":"https:\/\/lifefertility.mx\/aviso-de-privacidad\/#breadcrumb","itemListElement":[{"@type":"ListItem","position":1,"name":"Portada","item":"https:\/\/lifefertility.mx\/"},{"@type":"ListItem","position":2,"name":"Aviso de Privacidad"}]},{"@type":"WebSite","@id":"https:\/\/lifefertility.mx\/#website","url":"https:\/\/lifefertility.mx\/","name":"Life Fertility","description":"Fertility &amp; Banking","potentialAction":[{"@type":"SearchAction","target":{"@type":"EntryPoint","urlTemplate":"https:\/\/lifefertility.mx\/?s={search_term_string}"},"query-input":{"@type":"PropertyValueSpecification","valueRequired":true,"valueName":"search_term_string"}}],"inLanguage":"en-US"}]}},"_links":{"self":[{"href":"https:\/\/lifefertility.mx\/en\/wp-json\/wp\/v2\/pages\/2633","targetHints":{"allow":["GET"]}}],"collection":[{"href":"https:\/\/lifefertility.mx\/en\/wp-json\/wp\/v2\/pages"}],"about":[{"href":"https:\/\/lifefertility.mx\/en\/wp-json\/wp\/v2\/types\/page"}],"author":[{"embeddable":true,"href":"https:\/\/lifefertility.mx\/en\/wp-json\/wp\/v2\/users\/5"}],"replies":[{"embeddable":true,"href":"https:\/\/lifefertility.mx\/en\/wp-json\/wp\/v2\/comments?post=2633"}],"version-history":[{"count":10,"href":"https:\/\/lifefertility.mx\/en\/wp-json\/wp\/v2\/pages\/2633\/revisions"}],"predecessor-version":[{"id":2643,"href":"https:\/\/lifefertility.mx\/en\/wp-json\/wp\/v2\/pages\/2633\/revisions\/2643"}],"wp:featuredmedia":[{"embeddable":true,"href":"https:\/\/lifefertility.mx\/en\/wp-json\/wp\/v2\/media\/967"}],"wp:attachment":[{"href":"https:\/\/lifefertility.mx\/en\/wp-json\/wp\/v2\/media?parent=2633"}],"curies":[{"name":"wp","href":"https:\/\/api.w.org\/{rel}","templated":true}]}}